{"id":447,"date":"2016-05-24T20:43:48","date_gmt":"2016-05-24T20:43:48","guid":{"rendered":"http:\/\/cablegrafica.com\/palbiro\/?page_id=447"},"modified":"2016-05-24T20:43:48","modified_gmt":"2016-05-24T20:43:48","slug":"palbiro","status":"publish","type":"page","link":"https:\/\/www.deaixa.com\/palbiro\/palbiro\/","title":{"rendered":"Palbiro"},"content":{"rendered":"<figure id=\"attachment_340\" aria-describedby=\"caption-attachment-340\" style=\"width: 1024px\" class=\"wp-caption aligncenter\"><a href=\"https:\/\/palbiro.com\/wp-content\/uploads\/2014\/10\/CATALOGO-EXPO-CARAL-2016-fechas-19.png\"><img loading=\"lazy\" decoding=\"async\" class=\"wp-image-340 size-large\" src=\"https:\/\/www.deaixa.com\/palbiro\/wp-content\/uploads\/2014\/10\/CATALOGO-EXPO-CARAL-2016-fechas-19-1-1-2-1024x767.png\" alt=\"\" width=\"1024\" height=\"767\" \/><\/a><figcaption id=\"caption-attachment-340\" class=\"wp-caption-text\">Pablo- Artista m\u00faltiple como lo acredita su exposici\u00f3n<\/figcaption><\/figure>\n<p>Artista pl\u00e1stico, autodidacta, naci\u00f3 en Lima en 1948. Estudi\u00f3 en el Colegio San Andr\u00e9s (antes Anglo Peruano) primaria y secundaria e ingres\u00f3 a la Universidad Nacional Mayor de San Marcos con la intenci\u00f3n de seguir abogac\u00eda como su padre. Al cabo de los dos a\u00f1os de letras prefiri\u00f3 estudiar Psicologia y complet\u00f3 los estudios.<\/p>\n<p>Cumplido el ultimo a\u00f1o de pr\u00e1cticas decidi\u00f3 renunciar a la profesi\u00f3n y cambiar a las artes, espec\u00edficamente al canto, as\u00ed ingres\u00f3 como tenor en el Coro Nacional del Instituto Nacional de Cultura y paralelamente complet\u00f3 sus estudios en el Conservatorio Nacional de Musica. Fue becado por dos a\u00f1os en Buenos Aires, Argentina.<\/p>\n<p>Al cumplir los 60 a\u00f1os, decidi\u00f3 instalarse en la selva Peruana, Moyobamba, para dedicarse de pleno a las artes: pl\u00e1sticas, musicales y literarias. Autodidacta en dibujo y pintura surge espont\u00e1neamente una tematica m\u00edstica y naif, o neo figurativa con influencia amaz\u00f3nica.<\/p>\n<p>Palbiro es tambi\u00e9n Tenor L\u00edrico:<\/p>\n<p><img loading=\"lazy\" decoding=\"async\" class=\"aligncenter wp-image-188 size-full\" src=\"https:\/\/www.deaixa.com\/palbiro\/wp-content\/uploads\/2013\/08\/EL-ITINERANTE_Page_19-e1414620534386-1-1.png\" alt=\"\" width=\"575\" height=\"800\" srcset=\"https:\/\/www.deaixa.com\/palbiro\/wp-content\/uploads\/2013\/08\/EL-ITINERANTE_Page_19-e1414620534386-1-1.png 575w, https:\/\/www.deaixa.com\/palbiro\/wp-content\/uploads\/2013\/08\/EL-ITINERANTE_Page_19-e1414620534386-1-1-216x300.png 216w\" sizes=\"auto, (max-width: 575px) 100vw, 575px\" \/><\/p>\n","protected":false},"excerpt":{"rendered":"<p>Artista pl\u00e1stico, autodidacta, naci\u00f3 en Lima en 1948. Estudi\u00f3 en el Colegio San Andr\u00e9s (antes Anglo Peruano) primaria y secundaria e ingres\u00f3 a la Universidad Nacional Mayor de San Marcos con la intenci\u00f3n de seguir abogac\u00eda como su padre. Al cabo de los dos a\u00f1os de letras prefiri\u00f3 estudiar Psicologia y complet\u00f3 los estudios. Cumplido el ultimo a\u00f1o de pr\u00e1cticas decidi\u00f3 renunciar a la profesi\u00f3n y cambiar a las artes, espec\u00edficamente al canto, as\u00ed ingres\u00f3 como tenor en el Coro Nacional del Instituto Nacional de Cultura y paralelamente complet\u00f3 sus estudios en el Conservatorio Nacional de Musica. Fue becado por dos a\u00f1os en Buenos Aires,<span class=\"more-link\"><a href=\"https:\/\/www.deaixa.com\/palbiro\/palbiro\/\">Seguir Leyendo<\/a><\/span><\/p>\n","protected":false},"author":2,"featured_media":0,"parent":0,"menu_order":0,"comment_status":"closed","ping_status":"closed","template":"","meta":{"footnotes":""},"class_list":["entry","author-webmaster","post-447","page","type-page","status-publish"],"_links":{"self":[{"href":"https:\/\/www.deaixa.com\/palbiro\/wp-json\/wp\/v2\/pages\/447","targetHints":{"allow":["GET"]}}],"collection":[{"href":"https:\/\/www.deaixa.com\/palbiro\/wp-json\/wp\/v2\/pages"}],"about":[{"href":"https:\/\/www.deaixa.com\/palbiro\/wp-json\/wp\/v2\/types\/page"}],"author":[{"embeddable":true,"href":"https:\/\/www.deaixa.com\/palbiro\/wp-json\/wp\/v2\/users\/2"}],"replies":[{"embeddable":true,"href":"https:\/\/www.deaixa.com\/palbiro\/wp-json\/wp\/v2\/comments?post=447"}],"version-history":[{"count":0,"href":"https:\/\/www.deaixa.com\/palbiro\/wp-json\/wp\/v2\/pages\/447\/revisions"}],"wp:attachment":[{"href":"https:\/\/www.deaixa.com\/palbiro\/wp-json\/wp\/v2\/media?parent=447"}],"curies":[{"name":"wp","href":"https:\/\/api.w.org\/{rel}","templated":true}]}}